{"id":8559,"date":"2026-01-23T10:20:44","date_gmt":"2026-01-23T09:20:44","guid":{"rendered":"https:\/\/melcomposites.es\/?post_type=product&#038;p=8559"},"modified":"2026-03-13T08:53:57","modified_gmt":"2026-03-13T07:53:57","slug":"bolsa-vacio-200cm-75mcr-120oc","status":"publish","type":"product","link":"https:\/\/melcomposites.es\/en\/product\/bolsa-vacio-200cm-75mcr-120oc\/","title":{"rendered":"Empty bag 200cm 75mcr 120\u00baC"},"content":{"rendered":"<p>Caracter\u00edsticas: Se adapta perfectamente a cualquier forma, permitiendo el moldeado de formas complejas. Se puede utilizar en contacto directo con la resina. Esta bolsa tiene 3 capas: 2 capas de copol\u00edmero de liberaci\u00f3n autom\u00e1tica y una poliamida en el centro (pel\u00edcula resistente al estireno y no porosa).<\/p>\n<p>Puede utilizarse tanto para vac\u00edo como para infusi\u00f3n<\/p>\n<p>Ancho: 200cm \/ 2m<\/p>\n<p>Peso: 73gr\/m2<\/p>\n<p>Espesor: 75mcr<\/p>\n<p>Color: verde claro<\/p>","protected":false},"excerpt":{"rendered":"<p>Vacuum bag made of an advanced extruded copolymer.<\/p>","protected":false},"featured_media":8581,"template":"","meta":{"_acf_changed":false},"product_brand":[],"product_cat":[236],"product_tag":[],"class_list":{"0":"post-8559","1":"product","2":"type-product","3":"status-publish","4":"has-post-thumbnail","6":"product_cat-descartables","8":"first","9":"instock","10":"shipping-taxable","11":"purchasable","12":"product-type-variable"},"acf":[],"_links":{"self":[{"href":"https:\/\/melcomposites.es\/en\/wp-json\/wp\/v2\/product\/8559","targetHints":{"allow":["GET"]}}],"collection":[{"href":"https:\/\/melcomposites.es\/en\/wp-json\/wp\/v2\/product"}],"about":[{"href":"https:\/\/melcomposites.es\/en\/wp-json\/wp\/v2\/types\/product"}],"wp:featuredmedia":[{"embeddable":true,"href":"https:\/\/melcomposites.es\/en\/wp-json\/wp\/v2\/media\/8581"}],"wp:attachment":[{"href":"https:\/\/melcomposites.es\/en\/wp-json\/wp\/v2\/media?parent=8559"}],"wp:term":[{"taxonomy":"product_brand","embeddable":true,"href":"https:\/\/melcomposites.es\/en\/wp-json\/wp\/v2\/product_brand?post=8559"},{"taxonomy":"product_cat","embeddable":true,"href":"https:\/\/melcomposites.es\/en\/wp-json\/wp\/v2\/product_cat?post=8559"},{"taxonomy":"product_tag","embeddable":true,"href":"https:\/\/melcomposites.es\/en\/wp-json\/wp\/v2\/product_tag?post=8559"}],"curies":[{"name":"wp","href":"https:\/\/api.w.org\/{rel}","templated":true}]}}