{"id":7925,"date":"2026-01-23T10:09:59","date_gmt":"2026-01-23T09:09:59","guid":{"rendered":"https:\/\/melcomposites.es\/?post_type=product&#038;p=7925"},"modified":"2026-01-23T10:10:09","modified_gmt":"2026-01-23T09:10:09","slug":"resina-epoxy-laminacion-en-humedo-sr8500-sd8701","status":"publish","type":"product","link":"https:\/\/melcomposites.es\/en\/product\/resina-epoxy-laminacion-en-humedo-sr8500-sd8701\/","title":{"rendered":"SR8500 + SD8701 Wet Lamination Epoxy Resin"},"content":{"rendered":"<p>Cura a temperatura ambiente y postcura a 40-60\u00baC<\/p>\n<p>La referencia SD8705 es el endurecedor r\u00e1pido, tiene buenas propiedades mec\u00e1nicas despu\u00e9s de un curado a temperatura ambiente.<\/p>\n<p>La referencia SD8701 es el endurecedor ultra lento, debe postcurarse a 40\u00baC antes de desmoldearlo<\/p>\n<p>&nbsp;<\/p>\n<p><a href=\"https:\/\/tienda.melcomposites.es\/wp-content\/uploads\/2019\/07\/SR_8500_SD_860x_TDS_UK.pdf\" target=\"_blank\" rel=\"noopener noreferrer\"><button type=\"submit\">Technical data sheet<\/button><\/a><\/p>\n<p><a href=\"https:\/\/tienda.melcomposites.es\/wp-content\/uploads\/2019\/07\/SR_8500_FDS_ES.pdf\" target=\"_blank\" rel=\"noopener noreferrer\"><button type=\"submit\">Ficha de seguridad SR 8500<\/button><\/a><\/p>\n<p><a href=\"https:\/\/tienda.melcomposites.es\/wp-content\/uploads\/2019\/07\/SD_8601_FDS_ES.pdf\" target=\"_blank\" rel=\"noopener noreferrer\"><button type=\"submit\">Ficha de seguridad SD 8601<\/button><\/a><\/p>\n<p>*ATENCI\u00d3N: La imagen no corresponde con la refer\u00e9ncia seleccionada<\/p>","protected":false},"excerpt":{"rendered":"<p>Resin for wet lamination, which allows the manufacture of various types of parts that can operate continuously up to 70\u00b0C.<\/p>\n<p>Contains no solvents or reactive diluents, nor aromatic amines or CMR substances.<\/p>","protected":false},"featured_media":7953,"template":"","meta":{"_acf_changed":false},"product_brand":[],"product_cat":[37,36],"product_tag":[],"class_list":{"0":"post-7925","1":"product","2":"type-product","3":"status-publish","4":"has-post-thumbnail","6":"product_cat-epoxy","7":"product_cat-resinas","9":"first","10":"instock","11":"shipping-taxable","12":"purchasable","13":"product-type-variable"},"acf":[],"_links":{"self":[{"href":"https:\/\/melcomposites.es\/en\/wp-json\/wp\/v2\/product\/7925","targetHints":{"allow":["GET"]}}],"collection":[{"href":"https:\/\/melcomposites.es\/en\/wp-json\/wp\/v2\/product"}],"about":[{"href":"https:\/\/melcomposites.es\/en\/wp-json\/wp\/v2\/types\/product"}],"wp:featuredmedia":[{"embeddable":true,"href":"https:\/\/melcomposites.es\/en\/wp-json\/wp\/v2\/media\/7953"}],"wp:attachment":[{"href":"https:\/\/melcomposites.es\/en\/wp-json\/wp\/v2\/media?parent=7925"}],"wp:term":[{"taxonomy":"product_brand","embeddable":true,"href":"https:\/\/melcomposites.es\/en\/wp-json\/wp\/v2\/product_brand?post=7925"},{"taxonomy":"product_cat","embeddable":true,"href":"https:\/\/melcomposites.es\/en\/wp-json\/wp\/v2\/product_cat?post=7925"},{"taxonomy":"product_tag","embeddable":true,"href":"https:\/\/melcomposites.es\/en\/wp-json\/wp\/v2\/product_tag?post=7925"}],"curies":[{"name":"wp","href":"https:\/\/api.w.org\/{rel}","templated":true}]}}