{"id":7916,"date":"2026-01-23T10:09:53","date_gmt":"2026-01-23T09:09:53","guid":{"rendered":"https:\/\/melcomposites.es\/?post_type=product&#038;p=7916"},"modified":"2026-01-23T10:09:57","modified_gmt":"2026-01-23T09:09:57","slug":"resina-vinilester-infusion-rtm-hq800","status":"publish","type":"product","link":"https:\/\/melcomposites.es\/en\/product\/resina-vinilester-infusion-rtm-hq800\/","title":{"rendered":"Vinyl ester resin Infusion\/ RTM HQ800"},"content":{"rendered":"<p>El producto no contiene ceras o parafinas de ning\u00fan tipo, por lo que no presenta problemas de delaminaci\u00f3n<\/p>\n<p>Se recomienda, en todo caso, pulir la superficie tres d\u00edas despu\u00e9s de la realizaci\u00f3n de la obra, para garantizar una buena adhesi\u00f3n interlaminar.<\/p>\n<p>Es recomendable lijar para favorecer la adherencia en el caso de sucesivas laminaciones.<\/p>\n<p>La composici\u00f3n de la resina y la baja viscosidad garantizan una buena compatibilidad y mojabilidad con la fibra de vidrio. El tiempo de gel prolongado permite producir PRFV de grandes dimensiones, cuando se requieren tiempos largos de inyecci\u00f3n.<\/p>\n<p>Bajo contenido de estireno frente a las resinas tradicionales con un menor impacto medioambiental en la fase de elaboraci\u00f3n.<\/p>\n<p>Bajo pico exot\u00e9rmico, baja retracci\u00f3n, r\u00e1pido endurecimiento, permitiendo liberar el molde con mayor rapidez y aumentar la capacidad productiva con total ausencia de agrietamientos en los puntos de acumulaci\u00f3n de la resina.<\/p>\n<p>\u00d3ptimas caracter\u00edsticas de resistencia mec\u00e1nica, qu\u00edmica y a la \u00f3smosis.<\/p>\n<p>Homologaci\u00f3n Lloyd\u2019s Register EMEA<\/p>\n<p>Cat\u00e1lisis: 100g Resina + 1,50g MEKP<\/p>\n<ul>\n<li><strong>NO INCLUYE CATALIZADOR PEROXIDO MEK<\/strong><\/li>\n<\/ul>\n<p><a href=\"https:\/\/tienda.melcomposites.es\/wp-content\/uploads\/2019\/07\/HQ-800-A-45-ESP.pdf\" target=\"_blank\" rel=\"noopener noreferrer\"><button type=\"submit\">Technical data sheet<\/button><\/a><\/p>\n<p><a href=\"https:\/\/tienda.melcomposites.es\/wp-content\/uploads\/2019\/07\/SPA_ES-HQ800A45-1.pdf\" target=\"_blank\" rel=\"noopener noreferrer\"><button type=\"submit\">Ficha de seguridad<\/button><\/a><\/p>","protected":false},"excerpt":{"rendered":"<p>Vinyl ester resin for infusion, dissolved in styrene, pre-accelerated<\/p>\n<p>The visual appearance is a clear liquid.<\/p>\n<p>&nbsp;<\/p>","protected":false},"featured_media":7920,"template":"","meta":{"_acf_changed":false},"product_brand":[],"product_cat":[36,42],"product_tag":[],"class_list":{"0":"post-7916","1":"product","2":"type-product","3":"status-publish","4":"has-post-thumbnail","6":"product_cat-resinas","7":"product_cat-vinilester","9":"first","10":"instock","11":"shipping-taxable","12":"purchasable","13":"product-type-variable"},"acf":[],"_links":{"self":[{"href":"https:\/\/melcomposites.es\/en\/wp-json\/wp\/v2\/product\/7916","targetHints":{"allow":["GET"]}}],"collection":[{"href":"https:\/\/melcomposites.es\/en\/wp-json\/wp\/v2\/product"}],"about":[{"href":"https:\/\/melcomposites.es\/en\/wp-json\/wp\/v2\/types\/product"}],"wp:featuredmedia":[{"embeddable":true,"href":"https:\/\/melcomposites.es\/en\/wp-json\/wp\/v2\/media\/7920"}],"wp:attachment":[{"href":"https:\/\/melcomposites.es\/en\/wp-json\/wp\/v2\/media?parent=7916"}],"wp:term":[{"taxonomy":"product_brand","embeddable":true,"href":"https:\/\/melcomposites.es\/en\/wp-json\/wp\/v2\/product_brand?post=7916"},{"taxonomy":"product_cat","embeddable":true,"href":"https:\/\/melcomposites.es\/en\/wp-json\/wp\/v2\/product_cat?post=7916"},{"taxonomy":"product_tag","embeddable":true,"href":"https:\/\/melcomposites.es\/en\/wp-json\/wp\/v2\/product_tag?post=7916"}],"curies":[{"name":"wp","href":"https:\/\/api.w.org\/{rel}","templated":true}]}}