{"id":7912,"date":"2026-01-23T10:09:52","date_gmt":"2026-01-23T09:09:52","guid":{"rendered":"https:\/\/melcomposites.es\/?post_type=product&#038;p=7912"},"modified":"2026-01-23T10:09:57","modified_gmt":"2026-01-23T09:09:57","slug":"resina-vinilester-laminacion-manual-skin-coat-moldes-hn800","status":"publish","type":"product","link":"https:\/\/melcomposites.es\/en\/product\/resina-vinilester-laminacion-manual-skin-coat-moldes-hn800\/","title":{"rendered":"Vinyl Ester Resin Manual Lamination\/ Skin coat\/ molds HN800"},"content":{"rendered":"<p>No contiene ceras o parafinas de ning\u00fan tipo, por lo que no presenta problemas de delaminaci\u00f3n.<\/p>\n<p>Se recomienda, en todo caso, pulir la superficie tres d\u00edas despu\u00e9s de la realizaci\u00f3n de la obra, para garantizar una buena adhesi\u00f3n interlaminar. Es recomendable lijar para favorecer la adherencia en el caso de sucesivas laminaciones.<\/p>\n<p>Garantiza buena compatibilidad y mojabilidad con la fibra de vidrio, presenta adem\u00e1s un bajo contenido de estireno frente a las resinas tradicionales con un menor impacto medioambiental en la fase de elaboraci\u00f3n, buena resistencia a la formaci\u00f3n de ampollas.<\/p>\n<p>La reactividad permite obtener un buen grado de polimerizaci\u00f3n en tiempos breves.<\/p>\n<p>Presenta un alto valor de HDT, buena resistencia a la \u00f3smosis, alta elasticidad, excelentes caracter\u00edsticas mec\u00e1nicas y propiedad de alargamiento.<\/p>\n<p>Homologaci\u00f3n Lloyd\u2019s Register EMEA<\/p>\n<p>Cat\u00e1lisis: 100g Resina + 1,25g MEKP<\/p>\n<p>Se presenta en diferentes envases dependiendo del formato.<\/p>\n<ul>\n<li><strong>NO INCLUYE CATALIZADOR PEROXIDO MEK<\/strong><\/li>\n<\/ul>\n<p><a href=\"https:\/\/tienda.melcomposites.es\/wp-content\/uploads\/2019\/07\/HN-800TA31-ESP.pdf\" target=\"_blank\" rel=\"noopener noreferrer\"><button type=\"submit\">Technical data sheet<\/button><\/a><\/p>\n<p><a href=\"https:\/\/tienda.melcomposites.es\/wp-content\/uploads\/2019\/07\/SPA_ES-HN800TA31.pdf\" target=\"_blank\" rel=\"noopener noreferrer\"><button type=\"submit\">Ficha de seguridad<\/button><\/a><\/p>","protected":false},"excerpt":{"rendered":"<p>Vinyl ester resin dissolved in styrene, thixotropic, pre-accelerated for hand lay-up<\/p>\n<p>The visual appearance is cloudy liquid<\/p>\n<p>&nbsp;<\/p>","protected":false},"featured_media":7920,"template":"","meta":{"_acf_changed":false},"product_brand":[],"product_cat":[36,42],"product_tag":[],"class_list":{"0":"post-7912","1":"product","2":"type-product","3":"status-publish","4":"has-post-thumbnail","6":"product_cat-resinas","7":"product_cat-vinilester","9":"first","10":"instock","11":"shipping-taxable","12":"purchasable","13":"product-type-variable"},"acf":[],"_links":{"self":[{"href":"https:\/\/melcomposites.es\/en\/wp-json\/wp\/v2\/product\/7912","targetHints":{"allow":["GET"]}}],"collection":[{"href":"https:\/\/melcomposites.es\/en\/wp-json\/wp\/v2\/product"}],"about":[{"href":"https:\/\/melcomposites.es\/en\/wp-json\/wp\/v2\/types\/product"}],"wp:featuredmedia":[{"embeddable":true,"href":"https:\/\/melcomposites.es\/en\/wp-json\/wp\/v2\/media\/7920"}],"wp:attachment":[{"href":"https:\/\/melcomposites.es\/en\/wp-json\/wp\/v2\/media?parent=7912"}],"wp:term":[{"taxonomy":"product_brand","embeddable":true,"href":"https:\/\/melcomposites.es\/en\/wp-json\/wp\/v2\/product_brand?post=7912"},{"taxonomy":"product_cat","embeddable":true,"href":"https:\/\/melcomposites.es\/en\/wp-json\/wp\/v2\/product_cat?post=7912"},{"taxonomy":"product_tag","embeddable":true,"href":"https:\/\/melcomposites.es\/en\/wp-json\/wp\/v2\/product_tag?post=7912"}],"curies":[{"name":"wp","href":"https:\/\/api.w.org\/{rel}","templated":true}]}}