{"id":7872,"date":"2026-01-23T10:09:01","date_gmt":"2026-01-23T09:09:01","guid":{"rendered":"https:\/\/melcomposites.es\/?post_type=product&#038;p=7872"},"modified":"2026-01-23T10:09:51","modified_gmt":"2026-01-23T09:09:51","slug":"isobond-735","status":"publish","type":"product","link":"https:\/\/melcomposites.es\/en\/product\/isobond-735\/","title":{"rendered":"ISOBOND 735"},"content":{"rendered":"<p>La reactividad logra una buena adherencia despu\u00e9s del endurecimiento a 20\u00baC. La uni\u00f3n ser\u00e1 \u00f3ptima despu\u00e9s de unas pocas horas a 50-60\u00baC<\/p>\n<p>Caracter\u00edsticas: se administra en cartucho, color final verde<\/p>\n<p>Se recomienda utilizar el mixer para tener una buena mezcla entre resina y endurecedor<\/p>\n<p>Mezcla: 2\/1<\/p>\n<p>Si la temperatura ambiente es inferior a 15\u00baC, el cartucho deber\u00e1 calentarse entre 20- 30\u00baC para asegurar buen flujo con las pistolas manuales<\/p>\n<p>USO:<\/p>\n<ol>\n<li>Desenroscar la tapa roja y quitarla, guardarla por si no se termina el cartucho para poder cerrarlo de nuevo.<\/li>\n<\/ol>\n<ol start=\"2\">\n<li>Colocar el cartucho en la pistola, exprimir suavemente hasta que la resina y el endurecedor est\u00e9n al mismo nivel<\/li>\n<\/ol>\n<ol start=\"3\">\n<li>Limpiar la salida del cartucho y enroscar la boquilla de mezcla, si es necesario<\/li>\n<li>No utilizar los primeros gramos si el color no es homog\u00e9neo<\/li>\n<\/ol>\n<p><a href=\"https:\/\/tienda.melcomposites.es\/wp-content\/uploads\/2019\/07\/ISOBOND_735_A_FDS_ES.pdf\" target=\"_blank\" rel=\"noopener noreferrer\"><button type=\"submit\">Ficha de seguridad<\/button><\/a><\/p>\n<p><a href=\"https:\/\/tienda.melcomposites.es\/wp-content\/uploads\/2019\/07\/ISOBOND_735_FT_UK_Done.pdf\" target=\"_blank\" rel=\"noopener noreferrer\"><button type=\"submit\">Technical data sheet<\/button><\/a><\/p>","protected":false},"excerpt":{"rendered":"<p>Format: 0.48kg<\/p>\n<p>Two-component epoxy adhesive that allows bonding of composite\/composite and some metal\/composite.<\/p>\n<p>Includes a nozzle<\/p>","protected":false},"featured_media":7907,"template":"","meta":{"_acf_changed":false},"product_brand":[],"product_cat":[37],"product_tag":[],"class_list":{"0":"post-7872","1":"product","2":"type-product","3":"status-publish","4":"has-post-thumbnail","6":"product_cat-epoxy","8":"first","9":"instock","10":"shipping-taxable","11":"purchasable","12":"product-type-variable"},"acf":[],"_links":{"self":[{"href":"https:\/\/melcomposites.es\/en\/wp-json\/wp\/v2\/product\/7872","targetHints":{"allow":["GET"]}}],"collection":[{"href":"https:\/\/melcomposites.es\/en\/wp-json\/wp\/v2\/product"}],"about":[{"href":"https:\/\/melcomposites.es\/en\/wp-json\/wp\/v2\/types\/product"}],"wp:featuredmedia":[{"embeddable":true,"href":"https:\/\/melcomposites.es\/en\/wp-json\/wp\/v2\/media\/7907"}],"wp:attachment":[{"href":"https:\/\/melcomposites.es\/en\/wp-json\/wp\/v2\/media?parent=7872"}],"wp:term":[{"taxonomy":"product_brand","embeddable":true,"href":"https:\/\/melcomposites.es\/en\/wp-json\/wp\/v2\/product_brand?post=7872"},{"taxonomy":"product_cat","embeddable":true,"href":"https:\/\/melcomposites.es\/en\/wp-json\/wp\/v2\/product_cat?post=7872"},{"taxonomy":"product_tag","embeddable":true,"href":"https:\/\/melcomposites.es\/en\/wp-json\/wp\/v2\/product_tag?post=7872"}],"curies":[{"name":"wp","href":"https:\/\/api.w.org\/{rel}","templated":true}]}}