{"id":7816,"date":"2026-01-23T10:08:28","date_gmt":"2026-01-23T09:08:28","guid":{"rendered":"https:\/\/melcomposites.es\/?post_type=product&#038;p=7816"},"modified":"2026-01-23T10:08:59","modified_gmt":"2026-01-23T09:08:59","slug":"bolsa-vacio-60cm-tubular-170oc","status":"publish","type":"product","link":"https:\/\/melcomposites.es\/en\/product\/bolsa-vacio-60cm-tubular-170oc\/","title":{"rendered":"Vacuum bag 60cm tubular 170\u00b0C"},"content":{"rendered":"<p>Caracter\u00edsticas:<\/p>\n<p>Resistente, alto alargamiento, adecuado para temperaturas de curado de hasta 170\u00baC (se recomienda hacer pruebas antes de su uso en autoclave).<\/p>\n<p>Puede utilizarse tanto como para vac\u00edo como para infusi\u00f3n con epoxi o poli\u00e9ster (evitar el contacto directo con resinas fen\u00f3licas)<\/p>\n<p>Ancho: 60cm en plano<\/p>\n<p>Peso: 1,05gr\/cm3<\/p>\n<p>Espesor: 50mcr<\/p>\n<p>Color: naranja<\/p>","protected":false},"excerpt":{"rendered":"<p>Extruded nylon vacuum bag that provides multiple layers of security.<\/p>\n<p>Manufactured in the form of a flat tube.<\/p>","protected":false},"featured_media":7844,"template":"","meta":{"_acf_changed":false},"product_brand":[],"product_cat":[236],"product_tag":[],"class_list":{"0":"post-7816","1":"product","2":"type-product","3":"status-publish","4":"has-post-thumbnail","6":"product_cat-descartables","8":"first","9":"instock","10":"shipping-taxable","11":"purchasable","12":"product-type-variable"},"acf":[],"_links":{"self":[{"href":"https:\/\/melcomposites.es\/en\/wp-json\/wp\/v2\/product\/7816","targetHints":{"allow":["GET"]}}],"collection":[{"href":"https:\/\/melcomposites.es\/en\/wp-json\/wp\/v2\/product"}],"about":[{"href":"https:\/\/melcomposites.es\/en\/wp-json\/wp\/v2\/types\/product"}],"wp:featuredmedia":[{"embeddable":true,"href":"https:\/\/melcomposites.es\/en\/wp-json\/wp\/v2\/media\/7844"}],"wp:attachment":[{"href":"https:\/\/melcomposites.es\/en\/wp-json\/wp\/v2\/media?parent=7816"}],"wp:term":[{"taxonomy":"product_brand","embeddable":true,"href":"https:\/\/melcomposites.es\/en\/wp-json\/wp\/v2\/product_brand?post=7816"},{"taxonomy":"product_cat","embeddable":true,"href":"https:\/\/melcomposites.es\/en\/wp-json\/wp\/v2\/product_cat?post=7816"},{"taxonomy":"product_tag","embeddable":true,"href":"https:\/\/melcomposites.es\/en\/wp-json\/wp\/v2\/product_tag?post=7816"}],"curies":[{"name":"wp","href":"https:\/\/api.w.org\/{rel}","templated":true}]}}