{"id":7785,"date":"2026-01-23T10:08:14","date_gmt":"2026-01-23T09:08:14","guid":{"rendered":"https:\/\/melcomposites.es\/?post_type=product&#038;p=7785"},"modified":"2026-03-13T08:55:30","modified_gmt":"2026-03-13T07:55:30","slug":"diadrian-50mm-mp","status":"publish","type":"product","link":"https:\/\/melcomposites.es\/en\/product\/diadrian-50mm-mp\/","title":{"rendered":"Diadrain 50mm MP"},"content":{"rendered":"<p>Se utiliza en aquellas partes de la pieza donde puede ser requerida una aspiraci\u00f3n de aire adicional. No se recomienda utilizar como \u00fanica v\u00eda de aspiraci\u00f3n de la pieza.<\/p>\n<p>No deja marca en el laminado, minimiza el gasto de resina, reduce los puntos secos, minimiza el uso de consumibles y es f\u00e1cil de aplicar.<\/p>\n<p>Se recomienda utilizar con su correspondiente v\u00e1lvula y masilla de cierre.<\/p>\n<p>Ancho: 50mm Espesor: 4mm Peso: 350gr\/m2<\/p>\n<p>Maximum temperature: 80\u00baC<\/p>\n<p><a href=\"https:\/\/tienda.melcomposites.es\/wp-content\/uploads\/2019\/07\/MEL-DIADRAIN-MP.pdf\" target=\"_blank\" rel=\"noopener noreferrer\"><button type=\"submit\">Technical data sheet<\/button><\/a><\/p>","protected":false},"excerpt":{"rendered":"<p>Microporous flat channel for applying vacuum in infusion processes.<\/p>\n<p>Composed of mesh + very fine veil + outer peel ply that allows air to pass through but not resin.<\/p>\n<p>When the resin reaches the Diadrain MP, it no longer advances, while gases are removed from the laminate.<\/p>","protected":false},"featured_media":7805,"template":"","meta":{"_acf_changed":false},"product_brand":[],"product_cat":[236],"product_tag":[],"class_list":{"0":"post-7785","1":"product","2":"type-product","3":"status-publish","4":"has-post-thumbnail","6":"product_cat-descartables","8":"first","9":"instock","10":"shipping-taxable","11":"purchasable","12":"product-type-variable"},"acf":[],"_links":{"self":[{"href":"https:\/\/melcomposites.es\/en\/wp-json\/wp\/v2\/product\/7785","targetHints":{"allow":["GET"]}}],"collection":[{"href":"https:\/\/melcomposites.es\/en\/wp-json\/wp\/v2\/product"}],"about":[{"href":"https:\/\/melcomposites.es\/en\/wp-json\/wp\/v2\/types\/product"}],"wp:featuredmedia":[{"embeddable":true,"href":"https:\/\/melcomposites.es\/en\/wp-json\/wp\/v2\/media\/7805"}],"wp:attachment":[{"href":"https:\/\/melcomposites.es\/en\/wp-json\/wp\/v2\/media?parent=7785"}],"wp:term":[{"taxonomy":"product_brand","embeddable":true,"href":"https:\/\/melcomposites.es\/en\/wp-json\/wp\/v2\/product_brand?post=7785"},{"taxonomy":"product_cat","embeddable":true,"href":"https:\/\/melcomposites.es\/en\/wp-json\/wp\/v2\/product_cat?post=7785"},{"taxonomy":"product_tag","embeddable":true,"href":"https:\/\/melcomposites.es\/en\/wp-json\/wp\/v2\/product_tag?post=7785"}],"curies":[{"name":"wp","href":"https:\/\/api.w.org\/{rel}","templated":true}]}}