{"id":423,"date":"2026-01-22T15:35:19","date_gmt":"2026-01-22T14:35:19","guid":{"rendered":"https:\/\/melcomposites.es\/?page_id=423"},"modified":"2026-01-27T18:12:18","modified_gmt":"2026-01-27T17:12:18","slug":"actualidad","status":"publish","type":"page","link":"https:\/\/melcomposites.es\/en\/actualidad\/","title":{"rendered":"Actualidad"},"content":{"rendered":"<div data-elementor-type=\"wp-page\" data-elementor-id=\"423\" class=\"elementor elementor-423\" data-elementor-post-type=\"page\">\n\t\t\t\t<div class=\"elementor-element elementor-element-52cfcb9 e-flex e-con-boxed e-con e-parent\" data-id=\"52cfcb9\" data-element_type=\"container\" data-e-type=\"container\" data-settings=\"{&quot;background_background&quot;:&quot;classic&quot;}\">\n\t\t\t\t\t<div class=\"e-con-inner\">\n\t\t\t\t<div class=\"elementor-element elementor-element-79e4d25 elementor-icon-list--layout-traditional elementor-list-item-link-full_width elementor-invisible elementor-widget elementor-widget-icon-list\" data-id=\"79e4d25\" data-element_type=\"widget\" data-e-type=\"widget\" data-settings=\"{&quot;_animation&quot;:&quot;fadeInUp&quot;}\" data-widget_type=\"icon-list.default\">\n\t\t\t\t\t\t\t<ul class=\"elementor-icon-list-items\">\n\t\t\t\t\t\t\t<li class=\"elementor-icon-list-item\">\n\t\t\t\t\t\t\t\t\t\t\t<span class=\"elementor-icon-list-icon\">\n\t\t\t\t\t\t\t<svg xmlns=\"http:\/\/www.w3.org\/2000\/svg\" width=\"22\" height=\"30\" viewbox=\"0 0 22 30\"><g fill=\"#EB6516\" fill-rule=\"evenodd\"><path d=\"M0 4h22V0H0zM0 12h22V8H0zM0 21h22v-4H0zM0 30h22v-4H0z\"><\/path><\/g><\/svg>\t\t\t\t\t\t<\/span>\n\t\t\t\t\t\t\t\t\t\t<span class=\"elementor-icon-list-text\">Actualidad<\/span>\n\t\t\t\t\t\t\t\t\t<\/li>\n\t\t\t\t\t\t<\/ul>\n\t\t\t\t\t\t<\/div>\n\t\t\t\t\t<\/div>\n\t\t\t\t<\/div>\n\t\t<div class=\"elementor-element elementor-element-7ab4d3c e-flex e-con-boxed e-con e-parent\" data-id=\"7ab4d3c\" data-element_type=\"container\" data-e-type=\"container\" data-settings=\"{&quot;background_background&quot;:&quot;classic&quot;}\">\n\t\t\t\t\t<div class=\"e-con-inner\">\n\t\t<div class=\"elementor-element elementor-element-ff9f75b e-con-full e-flex e-con e-child\" data-id=\"ff9f75b\" data-element_type=\"container\" data-e-type=\"container\">\n\t\t\t\t<div class=\"elementor-element elementor-element-9973fe3 elementor-grid-3 elementor-grid-tablet-2 elementor-grid-mobile-1 elementor-widget elementor-widget-loop-grid\" data-id=\"9973fe3\" data-element_type=\"widget\" data-e-type=\"widget\" data-settings=\"{&quot;template_id&quot;:&quot;142&quot;,&quot;pagination_type&quot;:&quot;numbers&quot;,&quot;_skin&quot;:&quot;post&quot;,&quot;columns&quot;:&quot;3&quot;,&quot;columns_tablet&quot;:&quot;2&quot;,&quot;columns_mobile&quot;:&quot;1&quot;,&quot;edit_handle_selector&quot;:&quot;[data-elementor-type=\\&quot;loop-item\\&quot;]&quot;,&quot;pagination_load_type&quot;:&quot;page_reload&quot;,&quot;row_gap&quot;:{&quot;unit&quot;:&quot;px&quot;,&quot;size&quot;:&quot;&quot;,&quot;sizes&quot;:[]},&quot;row_gap_tablet&quot;:{&quot;unit&quot;:&quot;px&quot;,&quot;size&quot;:&quot;&quot;,&quot;sizes&quot;:[]},&quot;row_gap_mobile&quot;:{&quot;unit&quot;:&quot;px&quot;,&quot;size&quot;:&quot;&quot;,&quot;sizes&quot;:[]}}\" data-widget_type=\"loop-grid.post\">\n\t\t\t\t<div class=\"elementor-widget-container\">\n\t\t\t\t\t\t\t<div class=\"elementor-loop-container elementor-grid\" role=\"list\">\n\t\t<style id=\"loop-dynamic-142\">.e-loop-item-486 .elementor-element.elementor-element-25f5b88:not(.elementor-motion-effects-element-type-background), .e-loop-item-486 .elementor-element.elementor-element-25f5b88 > .elementor-motion-effects-container > .elementor-motion-effects-layer{background-image:url(\"https:\/\/melcomposites.es\/wp-content\/uploads\/2026\/01\/deposito-039-2.jpg\");}<\/style><style id=\"loop-142\">.elementor-142 .elementor-element.elementor-element-25f5b88{--display:flex;--min-height:300px;--flex-direction:column;--container-widget-width:calc( ( 1 - var( --container-widget-flex-grow ) ) * 100% );--container-widget-height:initial;--container-widget-flex-grow:0;--container-widget-align-self:initial;--flex-wrap-mobile:wrap;--justify-content:space-between;--align-items:flex-start;--background-transition:0.3s;--overlay-opacity:0.4;--padding-top:0px;--padding-bottom:0px;--padding-left:0px;--padding-right:0px;}.elementor-142 .elementor-element.elementor-element-25f5b88:not(.elementor-motion-effects-element-type-background), .elementor-142 .elementor-element.elementor-element-25f5b88 > .elementor-motion-effects-container > .elementor-motion-effects-layer{background-repeat:no-repeat;background-size:cover;}.elementor-142 .elementor-element.elementor-element-25f5b88::before, .elementor-142 .elementor-element.elementor-element-25f5b88 > .elementor-background-video-container::before, .elementor-142 .elementor-element.elementor-element-25f5b88 > .e-con-inner > .elementor-background-video-container::before, .elementor-142 .elementor-element.elementor-element-25f5b88 > .elementor-background-slideshow::before, .elementor-142 .elementor-element.elementor-element-25f5b88 > .e-con-inner > .elementor-background-slideshow::before, .elementor-142 .elementor-element.elementor-element-25f5b88 > .elementor-motion-effects-container > .elementor-motion-effects-layer::before{--background-overlay:'';background-color:var( --e-global-color-fe7a522 );}.elementor-142 .elementor-element.elementor-element-25f5b88:hover::before, .elementor-142 .elementor-element.elementor-element-25f5b88:hover > .elementor-background-video-container::before, .elementor-142 .elementor-element.elementor-element-25f5b88:hover > .e-con-inner > .elementor-background-video-container::before, .elementor-142 .elementor-element.elementor-element-25f5b88 > .elementor-background-slideshow:hover::before, .elementor-142 .elementor-element.elementor-element-25f5b88 > .e-con-inner > .elementor-background-slideshow:hover::before{--background-overlay:'';background-color:var( --e-global-color-fe7a522 );}.elementor-142 .elementor-element.elementor-element-25f5b88:hover{--overlay-opacity:0.9;}.elementor-widget-icon.elementor-view-stacked .elementor-icon{background-color:var( --e-global-color-primary );}.elementor-widget-icon.elementor-view-framed .elementor-icon, .elementor-widget-icon.elementor-view-default .elementor-icon{color:var( --e-global-color-primary );border-color:var( --e-global-color-primary );}.elementor-widget-icon.elementor-view-framed .elementor-icon, .elementor-widget-icon.elementor-view-default .elementor-icon svg{fill:var( --e-global-color-primary );}.elementor-142 .elementor-element.elementor-element-904b5df .elementor-icon-wrapper{text-align:end;}.elementor-142 .elementor-element.elementor-element-904b5df .elementor-icon{font-size:28px;}.elementor-142 .elementor-element.elementor-element-904b5df .elementor-icon svg{height:28px;}.elementor-142 .elementor-element.elementor-element-904b5df{padding:20px 20px 20px 20px;width:auto;max-width:auto;}.elementor-142 .elementor-element.elementor-element-904b5df.elementor-element{--align-self:flex-end;}.elementor-widget-theme-post-title .elementor-heading-title{font-family:var( --e-global-typography-primary-font-family ), Sans-serif;font-weight:var( --e-global-typography-primary-font-weight );color:var( --e-global-color-primary );}.elementor-142 .elementor-element.elementor-element-b858b24 .elementor-heading-title{font-family:\"Montserrat\", Sans-serif;font-size:1.6em;font-weight:500;text-transform:uppercase;color:var( --e-global-color-secondary );}.elementor-142 .elementor-element.elementor-element-b858b24{padding:30px 30px 30px 30px;}\/* Start custom CSS for icon, class: .elementor-element-904b5df *\/.flecha{\nopacity: 0;\n}\/* End custom CSS *\/\n\/* Start custom CSS for theme-post-title, class: .elementor-element-b858b24 *\/.elementor-142 .elementor-element.elementor-element-b858b24 a:hover {\n  text-decoration: underline;\n  text-decoration-color: #EB6516;\ntext-decoration-thickness: 1px;\n}\/* End custom CSS *\/\n\/* Start custom CSS for container, class: .elementor-element-25f5b88 *\/.elementor-142 .elementor-element.elementor-element-25f5b88:hover .flecha{\r\nopacity: 1;\r\n}\r\n\r\n\r\n.elementor-142 .elementor-element.elementor-element-25f5b88:hover:after {\r\n    content: \"\";\r\n    position: absolute;\r\n    top: 0;\r\n    left: 0;\r\n    right: 0;\r\n    bottom: 0;\r\n    pointer-events: none;\r\n    background-repeat: no-repeat;\r\n    \/* Tama\u00f1o de las esquinas (ajusta el 45px si las quieres m\u00e1s grandes o peque\u00f1as) *\/\r\n    background-size: 45px 45px;\r\n    background-image: \r\n        url('https:\/\/melcomposites.es\/wp-content\/uploads\/2026\/01\/edgetopl.svg'),     \/* Arriba Izquierda *\/\r\n        url('https:\/\/melcomposites.es\/wp-content\/uploads\/2026\/01\/edg-topr.svg'),     \/* Arriba Derecha *\/\r\n        url('https:\/\/melcomposites.es\/wp-content\/uploads\/2026\/01\/edge-bottom-left.svg'), \/* Abajo Izquierda *\/\r\n        url('https:\/\/melcomposites.es\/wp-content\/uploads\/2026\/01\/edge.svg');         \/* Abajo Derecha *\/\r\n    background-position: \r\n        top left, \r\n        top right, \r\n        bottom left, \r\n        bottom right;\r\n}\/* End custom CSS *\/<\/style>\t\t<div data-elementor-type=\"loop-item\" data-elementor-id=\"142\" class=\"elementor elementor-142 e-loop-item e-loop-item-486 post-486 post type-post status-publish format-standard has-post-thumbnail hentry category-sin-categoria\" data-elementor-post-type=\"elementor_library\" data-custom-edit-handle=\"1\">\n\t\t\t<div class=\"elementor-element elementor-element-25f5b88 e-con-full e-flex e-con e-parent\" data-id=\"25f5b88\" data-element_type=\"container\" data-e-type=\"container\" data-settings=\"{&quot;background_background&quot;:&quot;classic&quot;}\">\n\t\t\t\t<div class=\"elementor-element elementor-element-904b5df elementor-widget__width-auto flecha elementor-view-default elementor-widget elementor-widget-icon\" data-id=\"904b5df\" data-element_type=\"widget\" data-e-type=\"widget\" data-widget_type=\"icon.default\">\n\t\t\t\t\t\t\t<div class=\"elementor-icon-wrapper\">\n\t\t\t<div class=\"elementor-icon\">\n\t\t\t<svg xmlns=\"http:\/\/www.w3.org\/2000\/svg\" width=\"29\" height=\"28\" viewbox=\"0 0 29 28\"><g stroke=\"#EB6516\" stroke-width=\"3\" fill=\"none\" fill-rule=\"evenodd\"><path d=\"M27 28V2H0\"><\/path><path stroke-linecap=\"square\" d=\"M26.405 2.6 2.595 25.4\"><\/path><\/g><\/svg>\t\t\t<\/div>\n\t\t<\/div>\n\t\t\t\t\t\t<\/div>\n\t\t\t\t<div class=\"elementor-element elementor-element-b858b24 elementor-widget elementor-widget-theme-post-title elementor-page-title elementor-widget-heading\" data-id=\"b858b24\" data-element_type=\"widget\" data-e-type=\"widget\" data-widget_type=\"theme-post-title.default\">\n\t\t\t\t\t<h3 class=\"elementor-heading-title elementor-size-default\"><a href=\"https:\/\/melcomposites.es\/en\/prolongamos-la-vida-util-de-los-depositos-subterraneos\/\">We extend the service life of underground tanks<\/a><\/h3>\t\t\t\t<\/div>\n\t\t\t\t<\/div>\n\t\t\t\t<\/div>\n\t\t<style id=\"loop-dynamic-142\">.e-loop-item-482 .elementor-element.elementor-element-25f5b88:not(.elementor-motion-effects-element-type-background), .e-loop-item-482 .elementor-element.elementor-element-25f5b88 > .elementor-motion-effects-container > .elementor-motion-effects-layer{background-image:url(\"https:\/\/melcomposites.es\/wp-content\/uploads\/2026\/01\/zen_proceso-2.jpg\");}<\/style>\t\t<div data-elementor-type=\"loop-item\" data-elementor-id=\"142\" class=\"elementor elementor-142 e-loop-item e-loop-item-482 post-482 post type-post status-publish format-standard has-post-thumbnail hentry category-sin-categoria\" data-elementor-post-type=\"elementor_library\" data-custom-edit-handle=\"1\">\n\t\t\t<div class=\"elementor-element elementor-element-25f5b88 e-con-full e-flex e-con e-parent\" data-id=\"25f5b88\" data-element_type=\"container\" data-e-type=\"container\" data-settings=\"{&quot;background_background&quot;:&quot;classic&quot;}\">\n\t\t\t\t<div class=\"elementor-element elementor-element-904b5df elementor-widget__width-auto flecha elementor-view-default elementor-widget elementor-widget-icon\" data-id=\"904b5df\" data-element_type=\"widget\" data-e-type=\"widget\" data-widget_type=\"icon.default\">\n\t\t\t\t\t\t\t<div class=\"elementor-icon-wrapper\">\n\t\t\t<div class=\"elementor-icon\">\n\t\t\t<svg xmlns=\"http:\/\/www.w3.org\/2000\/svg\" width=\"29\" height=\"28\" viewbox=\"0 0 29 28\"><g stroke=\"#EB6516\" stroke-width=\"3\" fill=\"none\" fill-rule=\"evenodd\"><path d=\"M27 28V2H0\"><\/path><path stroke-linecap=\"square\" d=\"M26.405 2.6 2.595 25.4\"><\/path><\/g><\/svg>\t\t\t<\/div>\n\t\t<\/div>\n\t\t\t\t\t\t<\/div>\n\t\t\t\t<div class=\"elementor-element elementor-element-b858b24 elementor-widget elementor-widget-theme-post-title elementor-page-title elementor-widget-heading\" data-id=\"b858b24\" data-element_type=\"widget\" data-e-type=\"widget\" data-widget_type=\"theme-post-title.default\">\n\t\t\t\t\t<h3 class=\"elementor-heading-title elementor-size-default\"><a href=\"https:\/\/melcomposites.es\/en\/mel-composites-impulsa-el-yate-zen50\/\">Mel Composites impulsa el Yate Zen50<\/a><\/h3>\t\t\t\t<\/div>\n\t\t\t\t<\/div>\n\t\t\t\t<\/div>\n\t\t<style id=\"loop-dynamic-142\">.e-loop-item-479 .elementor-element.elementor-element-25f5b88:not(.elementor-motion-effects-element-type-background), .e-loop-item-479 .elementor-element.elementor-element-25f5b88 > .elementor-motion-effects-container > .elementor-motion-effects-layer{background-image:url(\"https:\/\/melcomposites.es\/wp-content\/uploads\/2026\/01\/ARESA_BF_HIGH_IMG_6287.jpeg\");}<\/style>\t\t<div data-elementor-type=\"loop-item\" data-elementor-id=\"142\" class=\"elementor elementor-142 e-loop-item e-loop-item-479 post-479 post type-post status-publish format-standard has-post-thumbnail hentry category-noticias\" data-elementor-post-type=\"elementor_library\" data-custom-edit-handle=\"1\">\n\t\t\t<div class=\"elementor-element elementor-element-25f5b88 e-con-full e-flex e-con e-parent\" data-id=\"25f5b88\" data-element_type=\"container\" data-e-type=\"container\" data-settings=\"{&quot;background_background&quot;:&quot;classic&quot;}\">\n\t\t\t\t<div class=\"elementor-element elementor-element-904b5df elementor-widget__width-auto flecha elementor-view-default elementor-widget elementor-widget-icon\" data-id=\"904b5df\" data-element_type=\"widget\" data-e-type=\"widget\" data-widget_type=\"icon.default\">\n\t\t\t\t\t\t\t<div class=\"elementor-icon-wrapper\">\n\t\t\t<div class=\"elementor-icon\">\n\t\t\t<svg xmlns=\"http:\/\/www.w3.org\/2000\/svg\" width=\"29\" height=\"28\" viewbox=\"0 0 29 28\"><g stroke=\"#EB6516\" stroke-width=\"3\" fill=\"none\" fill-rule=\"evenodd\"><path d=\"M27 28V2H0\"><\/path><path stroke-linecap=\"square\" d=\"M26.405 2.6 2.595 25.4\"><\/path><\/g><\/svg>\t\t\t<\/div>\n\t\t<\/div>\n\t\t\t\t\t\t<\/div>\n\t\t\t\t<div class=\"elementor-element elementor-element-b858b24 elementor-widget elementor-widget-theme-post-title elementor-page-title elementor-widget-heading\" data-id=\"b858b24\" data-element_type=\"widget\" data-e-type=\"widget\" data-widget_type=\"theme-post-title.default\">\n\t\t\t\t\t<h3 class=\"elementor-heading-title elementor-size-default\"><a href=\"https:\/\/melcomposites.es\/en\/solucion-completa-con-materiales-y-equipos-para-el-black-falcon-v2-0\/\">Soluci\u00f3n completa con materiales y equipos para el Black Falcon V2.0<\/a><\/h3>\t\t\t\t<\/div>\n\t\t\t\t<\/div>\n\t\t\t\t<\/div>\n\t\t<style id=\"loop-dynamic-142\">.e-loop-item-160 .elementor-element.elementor-element-25f5b88:not(.elementor-motion-effects-element-type-background), .e-loop-item-160 .elementor-element.elementor-element-25f5b88 > .elementor-motion-effects-container > .elementor-motion-effects-layer{background-image:url(\"https:\/\/melcomposites.es\/wp-content\/uploads\/2025\/10\/ayats-horizon-19.jpg\");}<\/style>\t\t<div data-elementor-type=\"loop-item\" data-elementor-id=\"142\" class=\"elementor elementor-142 e-loop-item e-loop-item-160 post-160 post type-post status-publish format-standard has-post-thumbnail hentry category-sin-categoria\" data-elementor-post-type=\"elementor_library\" data-custom-edit-handle=\"1\">\n\t\t\t<div class=\"elementor-element elementor-element-25f5b88 e-con-full e-flex e-con e-parent\" data-id=\"25f5b88\" data-element_type=\"container\" data-e-type=\"container\" data-settings=\"{&quot;background_background&quot;:&quot;classic&quot;}\">\n\t\t\t\t<div class=\"elementor-element elementor-element-904b5df elementor-widget__width-auto flecha elementor-view-default elementor-widget elementor-widget-icon\" data-id=\"904b5df\" data-element_type=\"widget\" data-e-type=\"widget\" data-widget_type=\"icon.default\">\n\t\t\t\t\t\t\t<div class=\"elementor-icon-wrapper\">\n\t\t\t<div class=\"elementor-icon\">\n\t\t\t<svg xmlns=\"http:\/\/www.w3.org\/2000\/svg\" width=\"29\" height=\"28\" viewbox=\"0 0 29 28\"><g stroke=\"#EB6516\" stroke-width=\"3\" fill=\"none\" fill-rule=\"evenodd\"><path d=\"M27 28V2H0\"><\/path><path stroke-linecap=\"square\" d=\"M26.405 2.6 2.595 25.4\"><\/path><\/g><\/svg>\t\t\t<\/div>\n\t\t<\/div>\n\t\t\t\t\t\t<\/div>\n\t\t\t\t<div class=\"elementor-element elementor-element-b858b24 elementor-widget elementor-widget-theme-post-title elementor-page-title elementor-widget-heading\" data-id=\"b858b24\" data-element_type=\"widget\" data-e-type=\"widget\" data-widget_type=\"theme-post-title.default\">\n\t\t\t\t\t<h3 class=\"elementor-heading-title elementor-size-default\"><a href=\"https:\/\/melcomposites.es\/en\/mel-composites-y-carrocerias-ayats-colaboran-en-la-fabricacion-de-marcos-3\/\">MEL COMPOSITES AND CARROCER\u00cdAS AYATS COLLABORATE ON THE MANUFACTURE OF LIGHTWEIGHT WINDOW FRAMES<\/a><\/h3>\t\t\t\t<\/div>\n\t\t\t\t<\/div>\n\t\t\t\t<\/div>\n\t\t\t\t<\/div>\n\t\t\n\t\t\t\t\t\t<\/div>\n\t\t\t\t<\/div>\n\t\t\t\t<\/div>\n\t\t\t\t\t<\/div>\n\t\t\t\t<\/div>\n\t\t\t\t<\/div>","protected":false},"excerpt":{"rendered":"","protected":false},"author":2,"featured_media":311,"parent":0,"menu_order":3,"comment_status":"closed","ping_status":"closed","template":"","meta":{"_acf_changed":false,"footnotes":""},"class_list":["post-423","page","type-page","status-publish","has-post-thumbnail","hentry"],"acf":[],"_links":{"self":[{"href":"https:\/\/melcomposites.es\/en\/wp-json\/wp\/v2\/pages\/423","targetHints":{"allow":["GET"]}}],"collection":[{"href":"https:\/\/melcomposites.es\/en\/wp-json\/wp\/v2\/pages"}],"about":[{"href":"https:\/\/melcomposites.es\/en\/wp-json\/wp\/v2\/types\/page"}],"author":[{"embeddable":true,"href":"https:\/\/melcomposites.es\/en\/wp-json\/wp\/v2\/users\/2"}],"replies":[{"embeddable":true,"href":"https:\/\/melcomposites.es\/en\/wp-json\/wp\/v2\/comments?post=423"}],"version-history":[{"count":13,"href":"https:\/\/melcomposites.es\/en\/wp-json\/wp\/v2\/pages\/423\/revisions"}],"predecessor-version":[{"id":9015,"href":"https:\/\/melcomposites.es\/en\/wp-json\/wp\/v2\/pages\/423\/revisions\/9015"}],"wp:featuredmedia":[{"embeddable":true,"href":"https:\/\/melcomposites.es\/en\/wp-json\/wp\/v2\/media\/311"}],"wp:attachment":[{"href":"https:\/\/melcomposites.es\/en\/wp-json\/wp\/v2\/media?parent=423"}],"curies":[{"name":"wp","href":"https:\/\/api.w.org\/{rel}","templated":true}]}}